{"id":44275,"date":"2022-10-15T11:50:38","date_gmt":"2022-10-15T10:50:38","guid":{"rendered":"https:\/\/solcelle.dk\/wordpress\/?post_type=product&#038;p=44275"},"modified":"2025-12-16T10:59:10","modified_gmt":"2025-12-16T09:59:10","slug":"hybrid-laderegulator-all-round-1000_48-1000w-48v-batteri-demo","status":"publish","type":"product","link":"https:\/\/solcelle.dk\/wordpress\/produkt\/hybrid-laderegulator-all-round-1000_48-1000w-48v-batteri-demo\/","title":{"rendered":"Aftr\u00e6kker 2 ben 160 x 145 mm til at l\u00f8sne kuglelejer"},"content":{"rendered":"<p>Aftr\u00e6kker 2 ben 160 x 145 mm til at l\u00f8sne <a href=\"https:\/\/solcelle.dk\/wordpress\/produkt\/rutland-504-12v-kugleleje-saet\/\">kuglelejer<\/a>.<br \/>\n&#8211; Sp\u00e6ndevidde max. 160 mm.<br \/>\n&#8211; Ben l\u00e6ngde 145 mm.<br \/>\n&#8211; V\u00e6gt: 2,8 kg<\/p>\n<p>&nbsp;<\/p>\n","protected":false},"excerpt":{"rendered":"<p>til at l\u00f8sne forskellige dele.<br \/>\nSp\u00e6ndevidde max. 160 mm.<br \/>\nBen l\u00e6ngde 145 mm.<\/p>\n<p>Levering: 1-2 dage<\/p>\n","protected":false},"featured_media":50186,"template":"","meta":{"_predictive_search_focuskw":"","_ps_exclude_item":""},"product_brand":[],"product_cat":[137],"product_tag":[152,1719,203],"class_list":{"0":"post-44275","1":"product","2":"type-product","3":"status-publish","4":"has-post-thumbnail","6":"product_cat-diverse","7":"product_tag-12v","8":"product_tag-kugleleje","9":"product_tag-vindmoeller","10":"product_shipping_class-forsendelse","11":"pa_condition-used","12":"pa_producent-phaesun-gmbh","13":"post","14":"post-with-thumbnail","15":"post-with-thumbnail-large","17":"first","18":"instock","19":"taxable","20":"shipping-taxable","21":"purchasable","22":"product-type-simple"},"aioseo_notices":[],"_links":{"self":[{"href":"https:\/\/solcelle.dk\/wordpress\/wp-json\/wp\/v2\/product\/44275","targetHints":{"allow":["GET"]}}],"collection":[{"href":"https:\/\/solcelle.dk\/wordpress\/wp-json\/wp\/v2\/product"}],"about":[{"href":"https:\/\/solcelle.dk\/wordpress\/wp-json\/wp\/v2\/types\/product"}],"wp:featuredmedia":[{"embeddable":true,"href":"https:\/\/solcelle.dk\/wordpress\/wp-json\/wp\/v2\/media\/50186"}],"wp:attachment":[{"href":"https:\/\/solcelle.dk\/wordpress\/wp-json\/wp\/v2\/media?parent=44275"}],"wp:term":[{"taxonomy":"product_brand","embeddable":true,"href":"https:\/\/solcelle.dk\/wordpress\/wp-json\/wp\/v2\/product_brand?post=44275"},{"taxonomy":"product_cat","embeddable":true,"href":"https:\/\/solcelle.dk\/wordpress\/wp-json\/wp\/v2\/product_cat?post=44275"},{"taxonomy":"product_tag","embeddable":true,"href":"https:\/\/solcelle.dk\/wordpress\/wp-json\/wp\/v2\/product_tag?post=44275"}],"curies":[{"name":"wp","href":"https:\/\/api.w.org\/{rel}","templated":true}]}}