{"id":44366,"date":"2022-10-23T10:11:53","date_gmt":"2022-10-23T09:11:53","guid":{"rendered":"https:\/\/solcelle.dk\/wordpress\/?post_type=product&#038;p=44366"},"modified":"2026-05-02T16:18:38","modified_gmt":"2026-05-02T15:18:38","slug":"rule-mate-1100-gph-automatisk-laense-pumpe-24v-69l-min","status":"publish","type":"product","link":"https:\/\/solcelle.dk\/wordpress\/produkt\/rule-mate-1100-gph-automatisk-laense-pumpe-24v-69l-min\/","title":{"rendered":"Rule Mate 1100 GPH automatisk l\u00e6nse-pumpe, 24V, 69l\/min"},"content":{"rendered":"<p>Rule Mate 1100 GPH automatisk l\u00e6nse pumpe, 24 V, 69 l\/min har en indbygget niveau kontakt. Pumpen f\u00f8rst har str\u00f8mforbrug n\u00e5r niveau kontakten bliver aktiveret ved hj\u00e6lp af stigende vandstand. Pumperne har en \u00f8kovenlig teknologi, hvor man undg\u00e5r at pumpe olie ud i vandet.<\/p>\n<p>L\u00e6nse pumpen registrerer, hvis der er 100% motorolie i den og stopper \u00f8jeblikkeligt. Skal forsynes fra et <a href=\"https:\/\/solcelle.dk\/wordpress\/produkt-kategori\/batterier-syre-lithium-agm-gel-og-pakker\/gel-batterier\/\">24 V batteri<\/a>. Med lige slangestuds, tilbagel\u00f8b sikret med kontraventil, bundstykke med si og snap l\u00e5s for nem reng\u00f8ring. Vandt\u00e6tte pakninger, antiluftlomme design, rustfri st\u00e5laksel.<\/p>\n<p>\u2013 Sp\u00e6nding\u00a0 24 V<br \/>\n\u2013 Str\u00f8mforbrug\u00a0 2,1 A<br \/>\n\u2013 Sikringsst\u00f8rrelse: <a href=\"https:\/\/solcelle.dk\/wordpress\/produkt-kategori\/tilbehoer-beslag-installation\/installations-udstyr-12v-24v-48v\/sikringer\/\">4 A<\/a><br \/>\n\u2013 Bredde: 73,00 mm<br \/>\n\u2013 H\u00f8jde: 114,00 mm<br \/>\n\u2013 Kapacitet: 4164 liter \/time , 69l\/min<br \/>\n\u2013 Slangetilslutning: 25\/29 mm<\/p>\n<p>&nbsp;<\/p>\n","protected":false},"excerpt":{"rendered":"<p>Bredde: 73,00 mm, H\u00f8jde: 114,00 mm<br \/>\nKapacitet: 4164 liter \/time , 69l\/min<br \/>\nSlangetilslutning: 25\/29 mm<br \/>\nLevering: 1-3 dage<\/p>\n","protected":false},"featured_media":44360,"template":"","meta":{"_predictive_search_focuskw":"","_ps_exclude_item":""},"product_brand":[],"product_cat":[837],"product_tag":[1685,840],"class_list":{"0":"post-44366","1":"product","2":"type-product","3":"status-publish","4":"has-post-thumbnail","6":"product_cat-laensepumper-dykpumper","7":"product_tag-24v-pumpe","8":"product_tag-dykpumper-12-24-volt","9":"product_shipping_class-forsendelse","10":"pa_condition-new","11":"post","12":"post-with-thumbnail","13":"post-with-thumbnail-large","15":"first","16":"instock","17":"taxable","18":"shipping-taxable","19":"purchasable","20":"product-type-simple"},"aioseo_notices":[],"_links":{"self":[{"href":"https:\/\/solcelle.dk\/wordpress\/wp-json\/wp\/v2\/product\/44366","targetHints":{"allow":["GET"]}}],"collection":[{"href":"https:\/\/solcelle.dk\/wordpress\/wp-json\/wp\/v2\/product"}],"about":[{"href":"https:\/\/solcelle.dk\/wordpress\/wp-json\/wp\/v2\/types\/product"}],"wp:featuredmedia":[{"embeddable":true,"href":"https:\/\/solcelle.dk\/wordpress\/wp-json\/wp\/v2\/media\/44360"}],"wp:attachment":[{"href":"https:\/\/solcelle.dk\/wordpress\/wp-json\/wp\/v2\/media?parent=44366"}],"wp:term":[{"taxonomy":"product_brand","embeddable":true,"href":"https:\/\/solcelle.dk\/wordpress\/wp-json\/wp\/v2\/product_brand?post=44366"},{"taxonomy":"product_cat","embeddable":true,"href":"https:\/\/solcelle.dk\/wordpress\/wp-json\/wp\/v2\/product_cat?post=44366"},{"taxonomy":"product_tag","embeddable":true,"href":"https:\/\/solcelle.dk\/wordpress\/wp-json\/wp\/v2\/product_tag?post=44366"}],"curies":[{"name":"wp","href":"https:\/\/api.w.org\/{rel}","templated":true}]}}