{"id":4653,"date":"2017-05-24T11:24:30","date_gmt":"2017-05-24T10:24:30","guid":{"rendered":"https:\/\/solcelle.dk\/wordpress\/produkt\/led-roer-15m-22w-hvid-eller-kold-hvid\/"},"modified":"2024-03-09T14:22:03","modified_gmt":"2024-03-09T13:22:03","slug":"led-roer-15m-22w-hvid-eller-kold-hvid","status":"publish","type":"product","link":"https:\/\/solcelle.dk\/wordpress\/produkt\/led-roer-15m-22w-hvid-eller-kold-hvid\/","title":{"rendered":"LED r\u00f8r T8 1,5m, 25W, varm hvid, neutral hvid, 230VAC"},"content":{"rendered":"<p><a href=\"https:\/\/solcelle.dk\/wordpress\/produkt-kategori\/lys-koeleskab-pumper-ventilator\/led-og-belysning\/led-baand-strips-lysstofroer-og-paneller-12_24v\/\">LED<\/a> r\u00f8r T8 1,5 m, 25 W, varm hvid, neutral hvid 230 VAC til erstatning af lysstofr\u00f8r. Lyser som en 58 W lysstofr\u00f8r.<\/p>\n<p>Tekniske data:<br \/>\n&#8211; Type: T8, ikke d\u00e6mpbar<br \/>\n&#8211; Type diode: SMD 2835<br \/>\n&#8211; Effekt: 25 W<br \/>\n&#8211; Farvetemperatur: 3000 \u041a eller 4000 \u041a<br \/>\n&#8211; M\u00e5lt luminous flux: 4000 lm<br \/>\n&#8211; Base: G13<br \/>\n&#8211; Sp\u00e6nding: 220-240 VAC<br \/>\n&#8211; M\u00e5l (L \/ D): 1500\/26 mm<br \/>\n&#8211; Gennemsnitlig Levetid: 50 000 timer<br \/>\n&#8211; Energiklasse: C<br \/>\n&#8211; 2 \u00e5rs garanti periode<\/p>\n","protected":false},"excerpt":{"rendered":"<p>Type: T8, ikke d\u00e6mpbar<br \/>\nType diode: SMD 2835<br \/>\nEffekt (W) : 25W<br \/>\nFarve: 3000 \u041a eller 4000 \u041a<br \/>\nM\u00e5l: 1500\/26 mm<\/p>\n<p>Levering: 2-3 dage<\/p>\n<hr \/>\n<p><strong><span style=\"color: #ff0000;\">V\u00e6lg lysfarve:<\/span><\/strong><\/p>\n","protected":false},"featured_media":46859,"template":"","meta":{"_predictive_search_focuskw":"","_ps_exclude_item":""},"product_brand":[],"product_cat":[36],"product_tag":[1438,493,492,494],"class_list":{"0":"post-4653","1":"product","2":"type-product","3":"status-publish","4":"has-post-thumbnail","6":"product_cat-led-belysning-til-230v-ac","7":"product_tag-22w","8":"product_tag-ledroer","9":"product_tag-stroemforsyning","10":"product_tag-swichmode","11":"product_shipping_class-forsendelse","12":"pa_condition-new","13":"pa_producent-mean-well","14":"post","15":"post-with-thumbnail","16":"post-with-thumbnail-large","18":"first","19":"instock","20":"taxable","21":"shipping-taxable","22":"purchasable","23":"product-type-variable","24":"has-default-attributes"},"aioseo_notices":[],"_links":{"self":[{"href":"https:\/\/solcelle.dk\/wordpress\/wp-json\/wp\/v2\/product\/4653","targetHints":{"allow":["GET"]}}],"collection":[{"href":"https:\/\/solcelle.dk\/wordpress\/wp-json\/wp\/v2\/product"}],"about":[{"href":"https:\/\/solcelle.dk\/wordpress\/wp-json\/wp\/v2\/types\/product"}],"wp:featuredmedia":[{"embeddable":true,"href":"https:\/\/solcelle.dk\/wordpress\/wp-json\/wp\/v2\/media\/46859"}],"wp:attachment":[{"href":"https:\/\/solcelle.dk\/wordpress\/wp-json\/wp\/v2\/media?parent=4653"}],"wp:term":[{"taxonomy":"product_brand","embeddable":true,"href":"https:\/\/solcelle.dk\/wordpress\/wp-json\/wp\/v2\/product_brand?post=4653"},{"taxonomy":"product_cat","embeddable":true,"href":"https:\/\/solcelle.dk\/wordpress\/wp-json\/wp\/v2\/product_cat?post=4653"},{"taxonomy":"product_tag","embeddable":true,"href":"https:\/\/solcelle.dk\/wordpress\/wp-json\/wp\/v2\/product_tag?post=4653"}],"curies":[{"name":"wp","href":"https:\/\/api.w.org\/{rel}","templated":true}]}}