{"id":46561,"date":"2020-02-10T13:30:45","date_gmt":"2020-02-10T12:30:45","guid":{"rendered":"https:\/\/solcelle.dk\/wordpress\/?post_type=product&#038;p=46561"},"modified":"2025-06-22T09:23:52","modified_gmt":"2025-06-22T08:23:52","slug":"installationskabel-3-x-25mm%c2%b2-fase-nul-jord-massiv","status":"publish","type":"product","link":"https:\/\/solcelle.dk\/wordpress\/produkt\/installationskabel-3-x-25mm%c2%b2-fase-nul-jord-massiv\/","title":{"rendered":"Installationskabel 3 x 2,5mm\u00b2, Fase, Nul + Jord, massiv"},"content":{"rendered":"<p>Installationskabel 3 x 2,5mm\u00b2, Fase, Nul + Jord, til\u00a0 3 faset inverter hvor der er lang afstand fra <a href=\"https:\/\/solcelle.dk\/wordpress\/produkt-kategori\/nettilsluttede-solcelleanlaeg\/inverter-til-nettilslutning\/\">inverter<\/a> til El tavle. UV-bestandigt og velegnet til udend\u00f8rs brug, indend\u00f8rs brug. De b\u00f8r dog ikke installeres i det fri.<\/p>\n<p>\u2013 1 Fase+ Nul + Jord<br \/>\n\u2013 Farve: hvid<br \/>\n\u2013 Ekstern diameter: 10,2 mm<br \/>\n\u2013 Massiv kabel<br \/>\n\u2013 Prisen er pr. meter<\/p>\n","protected":false},"excerpt":{"rendered":"<p>Velegnet til udend\u00f8rs brug, indend\u00f8rs brug.<br \/>\nEkstern diameter: 10,2 mm<br \/>\nFarve: hvid. Prisen er pr. meter<br \/>\nLevering: 1-2 dage<\/p>\n","protected":false},"featured_media":30009,"template":"","meta":{"_predictive_search_focuskw":"","_ps_exclude_item":""},"product_brand":[],"product_cat":[1085],"product_tag":[199],"class_list":{"0":"post-46561","1":"product","2":"type-product","3":"status-publish","4":"has-post-thumbnail","6":"product_cat-ac-kabler-og-stik-230","7":"product_tag-ledning-til-solcelleanlaeg","8":"product_shipping_class-forsendelse","9":"post","10":"post-with-thumbnail","11":"post-with-thumbnail-large","13":"first","14":"instock","15":"taxable","16":"shipping-taxable","17":"purchasable","18":"product-type-simple"},"aioseo_notices":[],"_links":{"self":[{"href":"https:\/\/solcelle.dk\/wordpress\/wp-json\/wp\/v2\/product\/46561","targetHints":{"allow":["GET"]}}],"collection":[{"href":"https:\/\/solcelle.dk\/wordpress\/wp-json\/wp\/v2\/product"}],"about":[{"href":"https:\/\/solcelle.dk\/wordpress\/wp-json\/wp\/v2\/types\/product"}],"wp:featuredmedia":[{"embeddable":true,"href":"https:\/\/solcelle.dk\/wordpress\/wp-json\/wp\/v2\/media\/30009"}],"wp:attachment":[{"href":"https:\/\/solcelle.dk\/wordpress\/wp-json\/wp\/v2\/media?parent=46561"}],"wp:term":[{"taxonomy":"product_brand","embeddable":true,"href":"https:\/\/solcelle.dk\/wordpress\/wp-json\/wp\/v2\/product_brand?post=46561"},{"taxonomy":"product_cat","embeddable":true,"href":"https:\/\/solcelle.dk\/wordpress\/wp-json\/wp\/v2\/product_cat?post=46561"},{"taxonomy":"product_tag","embeddable":true,"href":"https:\/\/solcelle.dk\/wordpress\/wp-json\/wp\/v2\/product_tag?post=46561"}],"curies":[{"name":"wp","href":"https:\/\/api.w.org\/{rel}","templated":true}]}}