{"id":47083,"date":"2023-04-02T14:00:51","date_gmt":"2023-04-02T13:00:51","guid":{"rendered":"https:\/\/solcelle.dk\/wordpress\/?post_type=product&#038;p=47083"},"modified":"2026-01-15T11:13:46","modified_gmt":"2026-01-15T10:13:46","slug":"effektiv-ren-sinus-inverter-24v-230v-1-500-watt","status":"publish","type":"product","link":"https:\/\/solcelle.dk\/wordpress\/produkt\/effektiv-ren-sinus-inverter-24v-230v-1-500-watt\/","title":{"rendered":"Ren Sinus inverter 24V->230V, 1.500 Watt med display"},"content":{"rendered":"<p>Effektiv Ren Sinus inverter 24 V -&gt; 230 V, 1500 Watt til 24 V batterier er en omformer til batteridrevet <a href=\"https:\/\/solcelle.dk\/wordpress\/produkt-kategori\/solcelleanlaeg-12-24v\/solcelleanlaeg-300-1000w\/\">solcelleanl\u00e6g<\/a>. I kolonihavehus, b\u00e5d, campingvogn, autocamper, lastbiler, hytte, sommerhus. Kan forsyne k\u00f8leskab med kompressor, TV, radio, elektriske have v\u00e6rkt\u00f8j, pl\u00e6neklipper, mobilopladning, mm.<\/p>\n<p>H\u00f8j virkningsgrad med lav standby forbrug: 14 watt.<\/p>\n<p>&#8211; Sp\u00e6nding: 230V AC \/ 50Hz<br \/>\n&#8211; Kan ogs\u00e5 benyttes til almindelige k\u00f8leskabe (med kompressor)<br \/>\n&#8211; Belastning: 1500 watt,<br \/>\n&#8211; Spids belastning: 3000 watt<br \/>\n&#8211; M\u00e5l: 380 mm x 175 mm x 76 mm \/ 3,7 kg<br \/>\n&#8211; Tilslutninger: 1 x 220 V udgang, 1 x USB stik<br \/>\n&#8211; Indgangs sp\u00e6nding: 24 V DC (23 til 31 V)<br \/>\n&#8211; Batterikabel: 50 cm med kabelsko<\/p>\n<p><img loading=\"lazy\" decoding=\"async\" class=\" wp-image-44901\" src=\"https:\/\/solcelle.dk\/wordpress\/wp-content\/uploads\/2021\/06\/7q8bqu8r.bmp\" alt=\"Inverter display\" width=\"541\" height=\"361\" srcset=\"https:\/\/solcelle.dk\/wordpress\/wp-content\/uploads\/2021\/06\/7q8bqu8r.bmp 1230w, https:\/\/solcelle.dk\/wordpress\/wp-content\/uploads\/2021\/06\/7q8bqu8r-200x133.jpg 200w, https:\/\/solcelle.dk\/wordpress\/wp-content\/uploads\/2021\/06\/7q8bqu8r-1024x683.jpg 1024w, https:\/\/solcelle.dk\/wordpress\/wp-content\/uploads\/2021\/06\/7q8bqu8r-768x512.jpg 768w, https:\/\/solcelle.dk\/wordpress\/wp-content\/uploads\/2021\/06\/7q8bqu8r-272x182.jpg 272w, https:\/\/solcelle.dk\/wordpress\/wp-content\/uploads\/2021\/06\/7q8bqu8r-500x333.jpg 500w\" sizes=\"auto, (max-width: 541px) 100vw, 541px\" \/><\/p>\n","protected":false},"excerpt":{"rendered":"<p>Til batteridrevet solcelleanl\u00e6g i kolonihavehus, b\u00e5d, campingvogn, lastbiler<br \/>\nBelastning: 1500W<br \/>\nSpids belastning: 3000W<br \/>\nSp\u00e6nding: 23-31 V<br \/>\nLevering: 1-2 dage<\/p>\n","protected":false},"featured_media":50264,"template":"","meta":{"_predictive_search_focuskw":"","_ps_exclude_item":""},"product_brand":[],"product_cat":[25],"product_tag":[464,788,616,241,781,532],"class_list":{"0":"post-47083","1":"product","2":"type-product","3":"status-publish","4":"has-post-thumbnail","6":"product_cat-sinus-inverteromformer-12v-24v-48v","7":"product_tag-1000watt","8":"product_tag-2000w","9":"product_tag-24v-batteri","10":"product_tag-3000watt","11":"product_tag-dcac-inverter-12v230v","12":"product_tag-koeleskab-til-kolonihaven","13":"product_shipping_class-forsendelse","14":"pa_condition-new","15":"post","16":"post-with-thumbnail","17":"post-with-thumbnail-large","19":"first","20":"instock","21":"taxable","22":"shipping-taxable","23":"purchasable","24":"product-type-simple"},"aioseo_notices":[],"_links":{"self":[{"href":"https:\/\/solcelle.dk\/wordpress\/wp-json\/wp\/v2\/product\/47083","targetHints":{"allow":["GET"]}}],"collection":[{"href":"https:\/\/solcelle.dk\/wordpress\/wp-json\/wp\/v2\/product"}],"about":[{"href":"https:\/\/solcelle.dk\/wordpress\/wp-json\/wp\/v2\/types\/product"}],"wp:featuredmedia":[{"embeddable":true,"href":"https:\/\/solcelle.dk\/wordpress\/wp-json\/wp\/v2\/media\/50264"}],"wp:attachment":[{"href":"https:\/\/solcelle.dk\/wordpress\/wp-json\/wp\/v2\/media?parent=47083"}],"wp:term":[{"taxonomy":"product_brand","embeddable":true,"href":"https:\/\/solcelle.dk\/wordpress\/wp-json\/wp\/v2\/product_brand?post=47083"},{"taxonomy":"product_cat","embeddable":true,"href":"https:\/\/solcelle.dk\/wordpress\/wp-json\/wp\/v2\/product_cat?post=47083"},{"taxonomy":"product_tag","embeddable":true,"href":"https:\/\/solcelle.dk\/wordpress\/wp-json\/wp\/v2\/product_tag?post=47083"}],"curies":[{"name":"wp","href":"https:\/\/api.w.org\/{rel}","templated":true}]}}