{"id":4892,"date":"2017-06-22T11:49:13","date_gmt":"2017-06-22T10:49:13","guid":{"rendered":"https:\/\/solcelle.dk\/wordpress\/produkt\/batteri-terminal-med-sikring-pudenz-cf8-50a-til-300a\/"},"modified":"2026-05-02T11:05:41","modified_gmt":"2026-05-02T10:05:41","slug":"batteri-terminal-med-sikring-pudenz-cf8-50a-til-300a","status":"publish","type":"product","link":"https:\/\/solcelle.dk\/wordpress\/produkt\/batteri-terminal-med-sikring-pudenz-cf8-50a-til-300a\/","title":{"rendered":"Batteri terminaler og sikringer Pudenz CF8, 50A til 300A"},"content":{"rendered":"<p><a href=\"https:\/\/solcelle.dk\/wordpress\/produkt-kategori\/batterier-syre-lithium-agm-gel-og-pakker\/agm-batterier\/\">Batteri<\/a> terminaler og sikringer Pudenz CF8, 50 A til 300 A. Hovedsikring til montering med batteriklemme p\u00e5 batteripolen. Sp\u00e6nding 58 VDC. Med gennemsigtig d\u00e6ksel til visuel inspektion af smelteelementet. <a href=\"https:\/\/solcelle.dk\/Datablad\/390153_DB_EN.pdf\">Download datablad<\/a>.<\/p>\n<p>&#8211; Nominel sp\u00e6nding: 58 V<br \/>\n&#8211; Testkabel: 25 mm2<br \/>\n&#8211; Brydeevne: 2 kA<br \/>\n&#8211; Sp\u00e6ndingsfald: 100 mV<br \/>\n&#8211; Isolerende krop: keramisk C221<br \/>\n&#8211; M\u00e5l : 20 mm x 23,5 mm x 11,5 mm<\/p>\n<p>V\u00e6lg komponenter :<\/p>\n<p>&#8211; Kun sikringer, v\u00e6lg mellem: 50 A,\u00a0 100A, 150 A, 175 A, 200 A, 250 A,\u00a0 300 A<br \/>\n&#8211; Kun isolerende m\u00f8trik til brug sammen med sikring Pudens CF8<br \/>\n<span id=\"result_box\" class=\"short_text\" lang=\"da\">&#8211; Batteriklemme til CF8 sikring Nominel 58 V 2 pol<br \/>\n&#8211; B<\/span><span id=\"result_box\" class=\"short_text\" lang=\"da\">atteriklemme til CF8 sikring Nominel 58 V 1 pol<\/span><\/p>\n","protected":false},"excerpt":{"rendered":"<p>Dimensioner : 20 x 23,5 x 11,5 mm<br \/>\nNominel sp\u00e6nding: 58 V<br \/>\nTestkabel: 25 mm2<br \/>\nBrydeevne: 2 kA,<br \/>\nLevering:\u00a03-5 dage<\/p>\n<p><span style=\"color: #ff0000;\"><strong>V\u00e6lg model:<\/strong><\/span><\/p>\n","protected":false},"featured_media":4893,"template":"","meta":{"_predictive_search_focuskw":"","_ps_exclude_item":""},"product_brand":[],"product_cat":[66,74],"product_tag":[734,257],"class_list":{"0":"post-4892","1":"product","2":"type-product","3":"status-publish","4":"has-post-thumbnail","6":"product_cat-batteri-tilbehoer","7":"product_cat-sikringer","8":"product_tag-100ah-batteri","9":"product_tag-sikring","10":"product_shipping_class-forsendelse","11":"post","12":"post-with-thumbnail","13":"post-with-thumbnail-large","15":"first","16":"instock","17":"taxable","18":"shipping-taxable","19":"purchasable","20":"product-type-variable","21":"has-default-attributes"},"aioseo_notices":[],"_links":{"self":[{"href":"https:\/\/solcelle.dk\/wordpress\/wp-json\/wp\/v2\/product\/4892","targetHints":{"allow":["GET"]}}],"collection":[{"href":"https:\/\/solcelle.dk\/wordpress\/wp-json\/wp\/v2\/product"}],"about":[{"href":"https:\/\/solcelle.dk\/wordpress\/wp-json\/wp\/v2\/types\/product"}],"wp:featuredmedia":[{"embeddable":true,"href":"https:\/\/solcelle.dk\/wordpress\/wp-json\/wp\/v2\/media\/4893"}],"wp:attachment":[{"href":"https:\/\/solcelle.dk\/wordpress\/wp-json\/wp\/v2\/media?parent=4892"}],"wp:term":[{"taxonomy":"product_brand","embeddable":true,"href":"https:\/\/solcelle.dk\/wordpress\/wp-json\/wp\/v2\/product_brand?post=4892"},{"taxonomy":"product_cat","embeddable":true,"href":"https:\/\/solcelle.dk\/wordpress\/wp-json\/wp\/v2\/product_cat?post=4892"},{"taxonomy":"product_tag","embeddable":true,"href":"https:\/\/solcelle.dk\/wordpress\/wp-json\/wp\/v2\/product_tag?post=4892"}],"curies":[{"name":"wp","href":"https:\/\/api.w.org\/{rel}","templated":true}]}}