{"id":49003,"date":"2024-04-15T09:01:49","date_gmt":"2024-04-15T08:01:49","guid":{"rendered":"https:\/\/solcelle.dk\/wordpress\/?post_type=product&#038;p=49003"},"modified":"2026-05-02T13:23:26","modified_gmt":"2026-05-02T12:23:26","slug":"dc-dc-konverter-victron-orion-xs-12-12-50-galv-isoleret","status":"publish","type":"product","link":"https:\/\/solcelle.dk\/wordpress\/produkt\/dc-dc-konverter-victron-orion-xs-12-12-50-galv-isoleret\/","title":{"rendered":"DC\/DC konverter VICTRON ORION XS 12\/12-50 galv. isoleret"},"content":{"rendered":"<p>DC\/DC konverter VICTRON ORION XS 12\/12-50 galvanisk. isoleret. Kan ogs\u00e5 anvendes som str\u00f8mforsyning. Til at oplade et 12 Volt <a href=\"https:\/\/solcelle.dk\/wordpress\/produkt-kategori\/batterier-syre-lithium-agm-gel-og-pakker\/12v-banner-bilbatterier\/\">startbatteri<\/a> eller et batteri i et 12 V system, fra et andet 12 V batteri.<\/p>\n<p>Alle konverter er beskyttet mod kortslutning og kan parallel forbindes for at \u00f8ge udgangs str\u00f8mmen. Terminaler: der kr\u00e6ves ikke specialv\u00e6rkt\u00f8j til montering. <a href=\"https:\/\/kerychip.dk\/Datablad\/Orion_XS_DC-DC_battery_charger-pdf-en.pdf\">Download manual<\/a><\/p>\n<p>\u2013 Galvanisk isoleret: Ja<br \/>\n\u2013 Indgangssp\u00e6nding: 9 &#8211; 17 V<br \/>\n\u2013 Udgangssp\u00e6nding: 10 &#8211; 17 V<br \/>\n\u2013 Udgangsstr\u00f8m: 50 A<br \/>\n\u2013 Effekt: 700 W<br \/>\n\u2013 M\u00e5l: 137 mm x 123 mm x 40 mm<br \/>\n\u2013 Temperatur: -20 til +60 \u00b0C<\/p>\n","protected":false},"excerpt":{"rendered":"<p>Galvanisk isoleret: Ja<br \/>\n\u2013 Indgangssp\u00e6nding: 9 &#8211; 17 V<br \/>\n\u2013 Udgangssp\u00e6nding: 10 &#8211; 17 V<br \/>\n\u2013 Udgangsstr\u00f8m: 50 A<br \/>\nLevering: 1-3 dage<\/p>\n<p>&nbsp;<\/p>\n","protected":false},"featured_media":35536,"template":"","meta":{"_predictive_search_focuskw":"","_ps_exclude_item":""},"product_brand":[],"product_cat":[990],"product_tag":[1232,616,159,977],"class_list":{"0":"post-49003","1":"product","2":"type-product","3":"status-publish","4":"has-post-thumbnail","6":"product_cat-dc-dc-konverter","7":"product_tag-12a","8":"product_tag-24v-batteri","9":"product_tag-batteri","10":"product_tag-konverter","11":"product_shipping_class-forsendelse","12":"pa_producent-victron-energy","13":"post","14":"post-with-thumbnail","15":"post-with-thumbnail-large","17":"first","18":"instock","19":"taxable","20":"shipping-taxable","21":"purchasable","22":"product-type-simple"},"aioseo_notices":[],"_links":{"self":[{"href":"https:\/\/solcelle.dk\/wordpress\/wp-json\/wp\/v2\/product\/49003","targetHints":{"allow":["GET"]}}],"collection":[{"href":"https:\/\/solcelle.dk\/wordpress\/wp-json\/wp\/v2\/product"}],"about":[{"href":"https:\/\/solcelle.dk\/wordpress\/wp-json\/wp\/v2\/types\/product"}],"wp:featuredmedia":[{"embeddable":true,"href":"https:\/\/solcelle.dk\/wordpress\/wp-json\/wp\/v2\/media\/35536"}],"wp:attachment":[{"href":"https:\/\/solcelle.dk\/wordpress\/wp-json\/wp\/v2\/media?parent=49003"}],"wp:term":[{"taxonomy":"product_brand","embeddable":true,"href":"https:\/\/solcelle.dk\/wordpress\/wp-json\/wp\/v2\/product_brand?post=49003"},{"taxonomy":"product_cat","embeddable":true,"href":"https:\/\/solcelle.dk\/wordpress\/wp-json\/wp\/v2\/product_cat?post=49003"},{"taxonomy":"product_tag","embeddable":true,"href":"https:\/\/solcelle.dk\/wordpress\/wp-json\/wp\/v2\/product_tag?post=49003"}],"curies":[{"name":"wp","href":"https:\/\/api.w.org\/{rel}","templated":true}]}}