{"id":49581,"date":"2024-08-05T09:09:51","date_gmt":"2024-08-05T08:09:51","guid":{"rendered":"https:\/\/solcelle.dk\/wordpress\/?post_type=product&#038;p=49581"},"modified":"2025-08-05T09:36:23","modified_gmt":"2025-08-05T08:36:23","slug":"rutland-914i-mast-roer-land-tower-kit-6-4m-til-910-4","status":"publish","type":"product","link":"https:\/\/solcelle.dk\/wordpress\/produkt\/rutland-914i-mast-roer-land-tower-kit-6-4m-til-910-4\/","title":{"rendered":"Rutland 914i mast\/r\u00f8r, Land Tower Kit 6.4m til 910-4"},"content":{"rendered":"<p>Rutland 914i mast\/r\u00f8r, Land Tower Kit 6.4m til 910-4, som er forboret i den ene ende, s\u00e5 det passer til vindm\u00f8llen, s\u00e5 kunderne kan tilpasse\u00a0 eget t\u00e5rndesign.<\/p>\n<p>Til marine montering af vindm\u00f8ller <span class=\"xoo-wsc-pname\"><a href=\"https:\/\/solcelle.dk\/wordpress\/produkt\/vindmoelle-rutland-furlmatic-910-4\/?attribute_pa_spaending=12v\">Vindm\u00f8lle Rutland Furlmatic FM910-4 til landmontering &#8211; 12V<\/a><\/span><\/p>\n<p>Indhold: 3 stk. Poleret\u00a0 Rustfrit St\u00e5lr\u00f8r 2130 mm<\/p>\n","protected":false},"excerpt":{"rendered":"<p>Land Tower Kit 6.4m til 910-4, som er forboret i den ene ende.<br \/>\nIndhold: 3 stk. Poleret\u00a0 Rustfrit St\u00e5lr\u00f8r 2130 mm<\/p>\n<p>Levering: 1-2 dage<\/p>\n","protected":false},"featured_media":49582,"template":"","meta":{"_predictive_search_focuskw":"","_ps_exclude_item":""},"product_brand":[],"product_cat":[142],"product_tag":[811,185,558],"class_list":{"0":"post-49581","1":"product","2":"type-product","3":"status-publish","4":"has-post-thumbnail","6":"product_cat-vindmoeller-til-122448v","7":"product_tag-12v-vindmoelle-til-baad","8":"product_tag-land","9":"product_tag-monterings-system","10":"product_shipping_class-forsendelse","11":"pa_producent-marlec-engineering-co-ltd","12":"post","13":"post-with-thumbnail","14":"post-with-thumbnail-large","16":"first","17":"instock","18":"taxable","19":"shipping-taxable","20":"purchasable","21":"product-type-simple"},"aioseo_notices":[],"_links":{"self":[{"href":"https:\/\/solcelle.dk\/wordpress\/wp-json\/wp\/v2\/product\/49581","targetHints":{"allow":["GET"]}}],"collection":[{"href":"https:\/\/solcelle.dk\/wordpress\/wp-json\/wp\/v2\/product"}],"about":[{"href":"https:\/\/solcelle.dk\/wordpress\/wp-json\/wp\/v2\/types\/product"}],"wp:featuredmedia":[{"embeddable":true,"href":"https:\/\/solcelle.dk\/wordpress\/wp-json\/wp\/v2\/media\/49582"}],"wp:attachment":[{"href":"https:\/\/solcelle.dk\/wordpress\/wp-json\/wp\/v2\/media?parent=49581"}],"wp:term":[{"taxonomy":"product_brand","embeddable":true,"href":"https:\/\/solcelle.dk\/wordpress\/wp-json\/wp\/v2\/product_brand?post=49581"},{"taxonomy":"product_cat","embeddable":true,"href":"https:\/\/solcelle.dk\/wordpress\/wp-json\/wp\/v2\/product_cat?post=49581"},{"taxonomy":"product_tag","embeddable":true,"href":"https:\/\/solcelle.dk\/wordpress\/wp-json\/wp\/v2\/product_tag?post=49581"}],"curies":[{"name":"wp","href":"https:\/\/api.w.org\/{rel}","templated":true}]}}