{"id":49615,"date":"2024-08-12T12:34:30","date_gmt":"2024-08-12T11:34:30","guid":{"rendered":"https:\/\/solcelle.dk\/wordpress\/?post_type=product&#038;p=49615"},"modified":"2025-08-12T12:37:45","modified_gmt":"2025-08-12T11:37:45","slug":"aluminiumsprofil-til-solceller-415m-lang-sort","status":"publish","type":"product","link":"https:\/\/solcelle.dk\/wordpress\/produkt\/aluminiumsprofil-til-solceller-415m-lang-sort\/","title":{"rendered":"Aluminiumsprofil til solceller 4,15m. lang, sort"},"content":{"rendered":"<p>Aluminiumsprofil til solceller, 4,15m. lang, <strong>sort<\/strong> (type SL-Rack, Schletter eller kompatibel profil)\u00a0 til montering af <a href=\"https:\/\/solcelle.dk\/wordpress\/produkt-kategori\/solcellermoduler\/store-solceller-solpaneler-200-450w\/\">solpaneler<\/a>.<br \/>\n&#8211; L\u00e6ngde: 4,15 m<br \/>\n&#8211; Brede: 4 cm<br \/>\n&#8211; H\u00f8jde: 4 cm<!--more--><\/p>\n<p>OBS: Der skal bestilles mindst 4 stk. af denne vare, for at vi kan sende dem afsted med fragtmanden.<br \/>\nVed afsendelse af denne vare med fragtmanden, m\u00e5 der p\u00e5regnes sm\u00e5ridser fra transporten, samt tape fra emballeringen da hele stangen ikke emballeres.<\/p>\n<p>&nbsp;<\/p>\n","protected":false},"excerpt":{"rendered":"<p>Til montering af solceller<br \/>\nDim.: 4,15 meter x 4 cm x 4 cm<br \/>\n<strong>Mindste bestilling:\u00a04 stk.<\/strong><\/p>\n<p>Levering: 1-3 dage<\/p>\n","protected":false},"featured_media":49616,"template":"","meta":{"_predictive_search_focuskw":"","_ps_exclude_item":""},"product_brand":[],"product_cat":[937],"product_tag":[559,561,558,560],"class_list":{"0":"post-49615","1":"product","2":"type-product","3":"status-publish","4":"has-post-thumbnail","6":"product_cat-monterings-systemer-til-store-solcelleanlaeg","7":"product_tag-beslag-system","8":"product_tag-eternit","9":"product_tag-monterings-system","10":"product_tag-tagpap","11":"product_shipping_class-forsendelse","12":"post","13":"post-with-thumbnail","14":"post-with-thumbnail-large","16":"first","17":"instock","18":"taxable","19":"shipping-taxable","20":"purchasable","21":"product-type-simple"},"aioseo_notices":[],"_links":{"self":[{"href":"https:\/\/solcelle.dk\/wordpress\/wp-json\/wp\/v2\/product\/49615","targetHints":{"allow":["GET"]}}],"collection":[{"href":"https:\/\/solcelle.dk\/wordpress\/wp-json\/wp\/v2\/product"}],"about":[{"href":"https:\/\/solcelle.dk\/wordpress\/wp-json\/wp\/v2\/types\/product"}],"wp:featuredmedia":[{"embeddable":true,"href":"https:\/\/solcelle.dk\/wordpress\/wp-json\/wp\/v2\/media\/49616"}],"wp:attachment":[{"href":"https:\/\/solcelle.dk\/wordpress\/wp-json\/wp\/v2\/media?parent=49615"}],"wp:term":[{"taxonomy":"product_brand","embeddable":true,"href":"https:\/\/solcelle.dk\/wordpress\/wp-json\/wp\/v2\/product_brand?post=49615"},{"taxonomy":"product_cat","embeddable":true,"href":"https:\/\/solcelle.dk\/wordpress\/wp-json\/wp\/v2\/product_cat?post=49615"},{"taxonomy":"product_tag","embeddable":true,"href":"https:\/\/solcelle.dk\/wordpress\/wp-json\/wp\/v2\/product_tag?post=49615"}],"curies":[{"name":"wp","href":"https:\/\/api.w.org\/{rel}","templated":true}]}}