{"id":5330,"date":"2017-08-01T13:02:26","date_gmt":"2017-08-01T12:02:26","guid":{"rendered":"https:\/\/solcelle.dk\/wordpress\/?post_type=product&#038;p=5330"},"modified":"2026-05-13T12:06:59","modified_gmt":"2026-05-13T11:06:59","slug":"batteri-boks-pn-cab-med-tilbehoer","status":"publish","type":"product","link":"https:\/\/solcelle.dk\/wordpress\/produkt\/batteri-boks-pn-cab-med-tilbehoer\/","title":{"rendered":"Batteriboks PN-CAB  med tilbeh\u00f8r til solar batterier"},"content":{"rendered":"<p><span id=\"result_box\" lang=\"da\">CAB-serien af batterikasser til off-grid-systemer og b\u00e6rbare systemer er designet til indvendig eller udvendig installation. Med et omfattende st\u00f8rrelsesomr\u00e5de kan de bruges til enhver form for <a href=\"https:\/\/solcelle.dk\/wordpress\/produkt-kategori\/batterier-syre-lithium-agm-gel-og-pakker\/gel-batterier\/\">solbatteri<\/a> under h\u00e5rde vejrforhold. <a href=\"https:\/\/solcelle.dk\/Datablad\/303489_DB_EN9.pdf\">Download Datablad<\/a><br \/>\n<\/span><\/p>\n<p><span id=\"result_box\" lang=\"da\">.Egenskaber<br \/>\n&#8211; Internt eller eksternt lager<br \/>\n&#8211; Poly\u00e6tylen \u00e6ske UV-resistent<br \/>\n&#8211; St\u00f8bt i et styk<br \/>\n&#8211; Let at reng\u00f8re<br \/>\n&#8211; Slidstyrke<br \/>\n&#8211; Volume: fra 110 L til 680 L<br \/>\n&#8211; Luftt\u00e6tte kabel huller<br \/>\n&#8211; Lufthuller for boret<br \/>\n<\/span><\/p>\n<p>Varianter :<br \/>\n<span class=\"h1\">&#8211; 110 liter Battery Box PN-CAB 110 , 590 x 490 x 390 mm, V\u00e6gt: 7,0 kg<\/span><br \/>\n<span class=\"h1\">&#8211; 680 liter Battery Box PN-CAB 680 , 1581 x 768 x 977 mm\u00a0 V\u00e6gt: 38 kg<\/span><\/p>\n","protected":false},"excerpt":{"rendered":"<p><span id=\"result_box\" lang=\"da\">Volume: 25 &#8211; 680 L<\/span><br \/>\nKan bruges til enhver form for solbatteri.<br \/>\nUV-resistent<br \/>\nLevering: 6-7 dage<br \/>\n<strong><span style=\"color: #ff0000;\">V\u00e6lg dimensioner:<\/span><\/strong><\/p>\n","protected":false},"featured_media":5325,"template":"","meta":{"_predictive_search_focuskw":"","_ps_exclude_item":""},"product_brand":[],"product_cat":[880],"product_tag":[734,802,763,731,1613],"class_list":{"0":"post-5330","1":"product","2":"type-product","3":"status-publish","4":"has-post-thumbnail","6":"product_cat-batterikasser","7":"product_tag-100ah-batteri","8":"product_tag-10ah-batteri","9":"product_tag-140ah-batteri","10":"product_tag-230ah-batteri","11":"product_tag-boks","12":"product_shipping_class-forsendelse","13":"post","14":"post-with-thumbnail","15":"post-with-thumbnail-large","17":"first","18":"instock","19":"taxable","20":"shipping-taxable","21":"purchasable","22":"product-type-variable","23":"has-default-attributes"},"aioseo_notices":[],"_links":{"self":[{"href":"https:\/\/solcelle.dk\/wordpress\/wp-json\/wp\/v2\/product\/5330","targetHints":{"allow":["GET"]}}],"collection":[{"href":"https:\/\/solcelle.dk\/wordpress\/wp-json\/wp\/v2\/product"}],"about":[{"href":"https:\/\/solcelle.dk\/wordpress\/wp-json\/wp\/v2\/types\/product"}],"wp:featuredmedia":[{"embeddable":true,"href":"https:\/\/solcelle.dk\/wordpress\/wp-json\/wp\/v2\/media\/5325"}],"wp:attachment":[{"href":"https:\/\/solcelle.dk\/wordpress\/wp-json\/wp\/v2\/media?parent=5330"}],"wp:term":[{"taxonomy":"product_brand","embeddable":true,"href":"https:\/\/solcelle.dk\/wordpress\/wp-json\/wp\/v2\/product_brand?post=5330"},{"taxonomy":"product_cat","embeddable":true,"href":"https:\/\/solcelle.dk\/wordpress\/wp-json\/wp\/v2\/product_cat?post=5330"},{"taxonomy":"product_tag","embeddable":true,"href":"https:\/\/solcelle.dk\/wordpress\/wp-json\/wp\/v2\/product_tag?post=5330"}],"curies":[{"name":"wp","href":"https:\/\/api.w.org\/{rel}","templated":true}]}}