{"id":5857,"date":"2017-08-31T12:20:59","date_gmt":"2017-08-31T11:20:59","guid":{"rendered":"https:\/\/solcelle.dk\/wordpress\/?post_type=product&#038;p=5857"},"modified":"2025-12-16T10:10:19","modified_gmt":"2025-12-16T09:10:19","slug":"brugt-10a-analog-ampermeter-pm-2","status":"publish","type":"product","link":"https:\/\/solcelle.dk\/wordpress\/produkt\/brugt-10a-analog-ampermeter-pm-2\/","title":{"rendered":"Analog ampermeter 20A, bl\u00f8dt jern, spadesko"},"content":{"rendered":"<p>20 A Analog ampermeter, polariserede bl\u00f8dtjerns m\u00e5lere med robuste bev\u00e6gelser kun til brug med j\u00e6vnstr\u00f8m og ensrettet vekselstr\u00f8m. Ingen elektronik, ingen Bluetooth, ingen Wi-Fi. Bruger n\u00e6sten ingen str\u00f8m. Til m\u00e5ling af str\u00f8m i <a href=\"https:\/\/solcelle.dk\/wordpress\/produkt-kategori\/solcelleanlaeg-12-24v\/solcelleanlaeg-5-55w\/\">solcelleanl\u00e6g<\/a>.<\/p>\n<p>\u2013 Str\u00f8m maks.: 20 A DC<br \/>\n\u2013 Bev\u00e6geligt element: bl\u00f8dt jern<br \/>\n\u2013 Dybde: 15 mm<br \/>\n\u2013 N\u00f8jagtighed: \u00b1 8 %<br \/>\n\u2013 Temperatur: &#8211; 20\u00b0C til + 40 \u00b0C<br \/>\n\u2013 M\u00e5leomr\u00e5de: 0 \u2013 20 A<br \/>\n\u2013 Montering: snapl\u00e5s<br \/>\n\u2013 M\u00e5l: 48 x 48 x 24 mm<br \/>\n\u2013 Tilslutninger 25 mm, 1\/4\u2033 spadesko<\/p>\n","protected":false},"excerpt":{"rendered":"<p>Bev\u00e6geligt element: bl\u00f8dt jern<br \/>\nDybde: 15 mm<br \/>\nN\u00f8jagtighed: \u00b1 8 %<br \/>\nMontering: snapl\u00e5s<br \/>\nM\u00e5l 48 x 48 x 24 mm<\/p>\n<p>Levering: 3-5 dage<\/p>\n","protected":false},"featured_media":10911,"template":"","meta":{"_predictive_search_focuskw":"","_ps_exclude_item":""},"product_brand":[],"product_cat":[66,137],"product_tag":[328,324,331,303],"class_list":{"0":"post-5857","1":"product","2":"type-product","3":"status-publish","4":"has-post-thumbnail","6":"product_cat-batteri-tilbehoer","7":"product_cat-diverse","8":"product_tag-analog","9":"product_tag-instrument","10":"product_tag-maaler","11":"product_tag-test","12":"product_shipping_class-forsendelse","13":"post","14":"post-with-thumbnail","15":"post-with-thumbnail-large","17":"first","18":"instock","19":"taxable","20":"shipping-taxable","21":"purchasable","22":"product-type-simple"},"aioseo_notices":[],"_links":{"self":[{"href":"https:\/\/solcelle.dk\/wordpress\/wp-json\/wp\/v2\/product\/5857","targetHints":{"allow":["GET"]}}],"collection":[{"href":"https:\/\/solcelle.dk\/wordpress\/wp-json\/wp\/v2\/product"}],"about":[{"href":"https:\/\/solcelle.dk\/wordpress\/wp-json\/wp\/v2\/types\/product"}],"wp:featuredmedia":[{"embeddable":true,"href":"https:\/\/solcelle.dk\/wordpress\/wp-json\/wp\/v2\/media\/10911"}],"wp:attachment":[{"href":"https:\/\/solcelle.dk\/wordpress\/wp-json\/wp\/v2\/media?parent=5857"}],"wp:term":[{"taxonomy":"product_brand","embeddable":true,"href":"https:\/\/solcelle.dk\/wordpress\/wp-json\/wp\/v2\/product_brand?post=5857"},{"taxonomy":"product_cat","embeddable":true,"href":"https:\/\/solcelle.dk\/wordpress\/wp-json\/wp\/v2\/product_cat?post=5857"},{"taxonomy":"product_tag","embeddable":true,"href":"https:\/\/solcelle.dk\/wordpress\/wp-json\/wp\/v2\/product_tag?post=5857"}],"curies":[{"name":"wp","href":"https:\/\/api.w.org\/{rel}","templated":true}]}}