{"id":6838,"date":"2017-11-14T11:15:19","date_gmt":"2017-11-14T10:15:19","guid":{"rendered":"https:\/\/solcelle.dk\/wordpress\/?post_type=product&#038;p=6838"},"modified":"2026-05-07T14:34:33","modified_gmt":"2026-05-07T13:34:33","slug":"spoiler-profil-saet-smart-mount-hvid-55cm-til-campingvogn-baad","status":"publish","type":"product","link":"https:\/\/solcelle.dk\/wordpress\/produkt\/spoiler-profil-saet-smart-mount-hvid-55cm-til-campingvogn-baad\/","title":{"rendered":"Spoiler profil s\u00e6t Smart Mount 550 hvid, 55cm"},"content":{"rendered":"<p>Spoiler profil s\u00e6t Smart Mount 550 hvid, 55 cm til montering af <a href=\"https:\/\/solcelle.dk\/wordpress\/produkt\/100wp12v-solcelle-phaesun-sun-plus-100s-monokrystallinsk\/\">solceller<\/a> p\u00e5 campingvogn, b\u00e5d er de optimale monterings system specielt til campingvogne og b\u00e5d. I k\u00f8rselsretningen er vind selv i det forreste tagomr\u00e5de ikke et problem.<br \/>\n<a href=\"https:\/\/kerychip.dk\/Datablad\/391543_391552_BA_DE.pdf\">Download vejledning Tysk<\/a>, <a href=\"https:\/\/kerychip.dk\/Datablad\/Samlevejledning til Smart Mount-st\u00f8ttespoiler.pdf\">Download vejledning Dansk<\/a>.<\/p>\n<p>&#8211; 2 stk. spoilers<br \/>\n&#8211; Robuste og lette<br \/>\n&#8211; M\u00e5l: 550 mm x 95 mm x 67 mm<br \/>\n&#8211; Farve : hvid<br \/>\n&#8211; Antal: 2<br \/>\n&#8211; Materiel : plast<br \/>\n&#8211; Skal <a href=\"https:\/\/solcelle.dk\/wordpress\/produkt\/lim-tec7-310ml-hvid\/\">limes<\/a> p\u00e5 campingvogn eller b\u00e5d<br \/>\n&#8211; V\u00e6gt: 1,7 kg<\/p>\n","protected":false},"excerpt":{"rendered":"<p>Til montering af solceller p\u00e5 campingvogn, b\u00e5d<br \/>\nRobuste og lette monteringsbeslag<br \/>\nFarve : hvid<br \/>\nM\u00e5l: 550 x 95 x 67 mm<\/p>\n<p>Levering: 3-4 dage<\/p>\n","protected":false},"featured_media":22372,"template":"","meta":{"_predictive_search_focuskw":"","_ps_exclude_item":""},"product_brand":[],"product_cat":[935],"product_tag":[554,145,244,394,350],"class_list":{"0":"post-6838","1":"product","2":"type-product","3":"status-publish","4":"has-post-thumbnail","6":"product_cat-monteringsbeslag-til-baad-campingvogn-autocamper","7":"product_tag-55cm","8":"product_tag-baad","9":"product_tag-campingvogn","10":"product_tag-hvid","11":"product_tag-solceller","12":"product_shipping_class-forsendelse","13":"post","14":"post-with-thumbnail","15":"post-with-thumbnail-large","17":"first","18":"instock","19":"taxable","20":"shipping-taxable","21":"purchasable","22":"product-type-simple"},"aioseo_notices":[],"_links":{"self":[{"href":"https:\/\/solcelle.dk\/wordpress\/wp-json\/wp\/v2\/product\/6838","targetHints":{"allow":["GET"]}}],"collection":[{"href":"https:\/\/solcelle.dk\/wordpress\/wp-json\/wp\/v2\/product"}],"about":[{"href":"https:\/\/solcelle.dk\/wordpress\/wp-json\/wp\/v2\/types\/product"}],"wp:featuredmedia":[{"embeddable":true,"href":"https:\/\/solcelle.dk\/wordpress\/wp-json\/wp\/v2\/media\/22372"}],"wp:attachment":[{"href":"https:\/\/solcelle.dk\/wordpress\/wp-json\/wp\/v2\/media?parent=6838"}],"wp:term":[{"taxonomy":"product_brand","embeddable":true,"href":"https:\/\/solcelle.dk\/wordpress\/wp-json\/wp\/v2\/product_brand?post=6838"},{"taxonomy":"product_cat","embeddable":true,"href":"https:\/\/solcelle.dk\/wordpress\/wp-json\/wp\/v2\/product_cat?post=6838"},{"taxonomy":"product_tag","embeddable":true,"href":"https:\/\/solcelle.dk\/wordpress\/wp-json\/wp\/v2\/product_tag?post=6838"}],"curies":[{"name":"wp","href":"https:\/\/api.w.org\/{rel}","templated":true}]}}