{"id":6893,"date":"2017-11-16T15:51:51","date_gmt":"2017-11-16T14:51:51","guid":{"rendered":"https:\/\/solcelle.dk\/wordpress\/?post_type=product&#038;p=6893"},"modified":"2026-05-02T15:31:18","modified_gmt":"2026-05-02T14:31:18","slug":"dc-dc-konverter-kemo-m038-24-v-dc-til-138-v-dc-maks-3-a","status":"publish","type":"product","link":"https:\/\/solcelle.dk\/wordpress\/produkt\/dc-dc-konverter-kemo-m038-24-v-dc-til-138-v-dc-maks-3-a\/","title":{"rendered":"DC \/ DC konverter 24 VDC til 13,8 VDC maks. 3A KEMO M038"},"content":{"rendered":"<p>Med DC \/ DC <a href=\"https:\/\/solcelle.dk\/wordpress\/produkt-kategori\/inverter-omformer\/dc-dc-konverter\/\">konverter<\/a> 24 VDC til 13,8 VDC maks. 3A\u00a0 KEMO M038\u00a0 kan du bruge 12 V DC str\u00f8m fra et 24 V DC lastbil eller marine\u00a0 batteri. Modulet kan blive varm. Varmen ledes fra aluminiumspladen i bunden af modulet. Under visse omst\u00e6ndigheder skal den monteres p\u00e5 en k\u00f8leflade i henhold til monteringsvejledningen.<\/p>\n<p>Tekniske data:<br \/>\n&#8211; Kortslutningssikkert, st\u00f8dsikkert modul.<br \/>\n&#8211; Indgangssp\u00e6nding ca. 24 &#8211; 28 V DC<br \/>\n&#8211; Udgangssp\u00e6nding ca. 13,8 V DC (til 12 V DC enheder)<br \/>\n&#8211; Belastning: 3 A, maks.<br \/>\nTemperatur: -15 *C til+50 * C<\/p>\n<p>Dimensioner ca. 87 mm x 60 mm x 33 mm (med fastg\u00f8relsesklemmer)<\/p>\n","protected":false},"excerpt":{"rendered":"<p>F\u00e5 12 V DC str\u00f8m fra et 24 V DC lastbil eller marine\u00a0 batteri.<br \/>\nDimensioner ca. 87 x 60 x 33 mm (med fastg\u00f8relsesklemmer)<\/p>\n<p>Levering:\u00a02-3 dage<\/p>\n","protected":false},"featured_media":29818,"template":"","meta":{"_predictive_search_focuskw":"","_ps_exclude_item":""},"product_brand":[],"product_cat":[990],"product_tag":[152,153,159,977],"class_list":{"0":"post-6893","1":"product","2":"type-product","3":"status-publish","4":"has-post-thumbnail","6":"product_cat-dc-dc-konverter","7":"product_tag-12v","8":"product_tag-24v","9":"product_tag-batteri","10":"product_tag-konverter","11":"product_shipping_class-forsendelse","12":"pa_producent-kemo-electronics","13":"post","14":"post-with-thumbnail","15":"post-with-thumbnail-large","17":"first","18":"instock","19":"taxable","20":"shipping-taxable","21":"purchasable","22":"product-type-simple"},"aioseo_notices":[],"_links":{"self":[{"href":"https:\/\/solcelle.dk\/wordpress\/wp-json\/wp\/v2\/product\/6893","targetHints":{"allow":["GET"]}}],"collection":[{"href":"https:\/\/solcelle.dk\/wordpress\/wp-json\/wp\/v2\/product"}],"about":[{"href":"https:\/\/solcelle.dk\/wordpress\/wp-json\/wp\/v2\/types\/product"}],"wp:featuredmedia":[{"embeddable":true,"href":"https:\/\/solcelle.dk\/wordpress\/wp-json\/wp\/v2\/media\/29818"}],"wp:attachment":[{"href":"https:\/\/solcelle.dk\/wordpress\/wp-json\/wp\/v2\/media?parent=6893"}],"wp:term":[{"taxonomy":"product_brand","embeddable":true,"href":"https:\/\/solcelle.dk\/wordpress\/wp-json\/wp\/v2\/product_brand?post=6893"},{"taxonomy":"product_cat","embeddable":true,"href":"https:\/\/solcelle.dk\/wordpress\/wp-json\/wp\/v2\/product_cat?post=6893"},{"taxonomy":"product_tag","embeddable":true,"href":"https:\/\/solcelle.dk\/wordpress\/wp-json\/wp\/v2\/product_tag?post=6893"}],"curies":[{"name":"wp","href":"https:\/\/api.w.org\/{rel}","templated":true}]}}