{"id":7372,"date":"2017-12-19T12:13:15","date_gmt":"2017-12-19T11:13:15","guid":{"rendered":"https:\/\/solcelle.dk\/wordpress\/?post_type=product&#038;p=7372"},"modified":"2023-12-06T13:37:22","modified_gmt":"2023-12-06T12:37:22","slug":"laderegulator-pwm-10a-12-24v-ip68-vandtaet-lithium","status":"publish","type":"product","link":"https:\/\/solcelle.dk\/wordpress\/produkt\/laderegulator-pwm-10a-12-24v-ip68-vandtaet-lithium\/","title":{"rendered":"Laderegulator PWM 10A \/ 12-24V IP68 VANDT\u00c6T \/ Lithium"},"content":{"rendered":"<p>Laderegulator PWM 10A \/ 12-24V IP68 VANDT\u00c6T \/ Lithium er\u00a0 en vandt\u00e6t batterilader som er velegnet til brug i udend\u00f8rs milj\u00f8er. Den er st\u00f8bt ind i epoxy materiale og kan t\u00e5le direkte vand (IP68 godkendt). Laderen har bl.a. en automatisk <a href=\"https:\/\/solcelle.dk\/wordpress\/produkt\/elektronisk-digital-timer-minutur12v16a\/\">t\u00e6nd\/sluk\/timer<\/a> funktion, som kan styre udend\u00f8rs lamper. Den kan fx. t\u00e6nde lys efter solnedgang og X antal timer frem. Som standard er udgangen altid t\u00e6ndt.<\/p>\n<p>Egenskaber:<br \/>\n\u2013 Max. 10A ladning fra <a href=\"https:\/\/solcelle.dk\/wordpress\/produkt-kategori\/solcellermoduler\/solceller-med-ramme-diverse\/\">solceller<\/a> og forbrug (150 W i 12 V, 300 W i 24 V)<br \/>\n\u2013 Valgfri batteritype: AGM &amp; GEL, Lithium LiFePO4<br \/>\n\u2013 LED lys der indikerer batteristatus, ladning og forbrug<br \/>\n\u2013 Timer funktion til at styre udend\u00f8rslamper<br \/>\n\u2013 Kortslutning-, overbelastning- og polaritetssikret<br \/>\n\u2013 Beskytter batteri mod under- og overladning<br \/>\n\u2013 Batteri temperatur kompensering<br \/>\n\u2013 Kan programmeres med fjernbetjening<br \/>\n\u2013 Intelligent 4-trin batteri ladefunktion<br \/>\n\u2013 Engelsk vejledning (ikke Dansk)<\/p>\n<p>Tekniske data:<br \/>\n\u2013 Max. belastning 10 A<br \/>\n\u2013 Batterisp\u00e6nding 12 V \/ 24 V autoskift<br \/>\n\u2013 Solcelle sp\u00e6nding 12 V 15 \u2013 18 V (Max 25Voc)<br \/>\n\u2013 Solcelle sp\u00e6nding 24 V 30 \u2013 36 V (Max 50Voc)<br \/>\n\u2013 Beskyttelse IP68 (Vandt\u00e6t)<br \/>\n\u2013 Temperatur -35 \u00b0C \u2013 65 \u00b0C<br \/>\n\u2013 M\u00e5l: 82 mm x 58 mm x 20 mm \/ 140 g.<\/p>\n","protected":false},"excerpt":{"rendered":"<p>En vandt\u00e6t 10A batterilader som er velegnet til brug i udend\u00f8rsmilj\u00f8er<br \/>\nM\u00e5l: 82 x 58 x 20 mm<br \/>\nV\u00e6gt 300 g.<\/p>\n<p>Levering: 1-2 dage<\/p>\n","protected":false},"featured_media":30672,"template":"","meta":{"_predictive_search_focuskw":"","_ps_exclude_item":""},"product_brand":[],"product_cat":[81],"product_tag":[693,1083,798,656],"class_list":{"0":"post-7372","1":"product","2":"type-product","3":"status-publish","4":"has-post-thumbnail","6":"product_cat-laderegulator-ip-65-isoleret","7":"product_tag-laderegulator-10a","8":"product_tag-laderelae","9":"product_tag-lithium-batteri-12v","10":"product_tag-pwm","11":"product_shipping_class-forsendelse","12":"post","13":"post-with-thumbnail","14":"post-with-thumbnail-large","16":"first","17":"instock","18":"taxable","19":"shipping-taxable","20":"purchasable","21":"product-type-simple"},"aioseo_notices":[],"_links":{"self":[{"href":"https:\/\/solcelle.dk\/wordpress\/wp-json\/wp\/v2\/product\/7372","targetHints":{"allow":["GET"]}}],"collection":[{"href":"https:\/\/solcelle.dk\/wordpress\/wp-json\/wp\/v2\/product"}],"about":[{"href":"https:\/\/solcelle.dk\/wordpress\/wp-json\/wp\/v2\/types\/product"}],"wp:featuredmedia":[{"embeddable":true,"href":"https:\/\/solcelle.dk\/wordpress\/wp-json\/wp\/v2\/media\/30672"}],"wp:attachment":[{"href":"https:\/\/solcelle.dk\/wordpress\/wp-json\/wp\/v2\/media?parent=7372"}],"wp:term":[{"taxonomy":"product_brand","embeddable":true,"href":"https:\/\/solcelle.dk\/wordpress\/wp-json\/wp\/v2\/product_brand?post=7372"},{"taxonomy":"product_cat","embeddable":true,"href":"https:\/\/solcelle.dk\/wordpress\/wp-json\/wp\/v2\/product_cat?post=7372"},{"taxonomy":"product_tag","embeddable":true,"href":"https:\/\/solcelle.dk\/wordpress\/wp-json\/wp\/v2\/product_tag?post=7372"}],"curies":[{"name":"wp","href":"https:\/\/api.w.org\/{rel}","templated":true}]}}