{"id":8308,"date":"2019-08-06T12:20:07","date_gmt":"2019-08-06T11:20:07","guid":{"rendered":"https:\/\/solcelle.dk\/wordpress\/?post_type=product&#038;p=8308"},"modified":"2026-05-07T13:16:10","modified_gmt":"2026-05-07T12:16:10","slug":"solar-kuffert-phaesun-fold-up-100-100watt-12v-plug-and-play-med-laderegulator","status":"publish","type":"product","link":"https:\/\/solcelle.dk\/wordpress\/produkt\/solar-kuffert-phaesun-fold-up-100-100watt-12v-plug-and-play-med-laderegulator\/","title":{"rendered":"Solar kuffert Phaesun Fold Up100, 100Watt, plug and play"},"content":{"rendered":"<p>Solar kuffert Phaesun Fold Up 100, 100 Watt, 12 V, Plug &amp; Play med laderegulator, leveres i et b\u00e6rbart h\u00e5rdt etui. Er ideel til campingvogne, autocamper, lastbiler eller b\u00e5de samt til andre udend\u00f8rs aktiviteter. Plug &amp; Play solceller i et b\u00e6rbart h\u00e5rdt kasse med integreret <a href=\"https:\/\/solcelle.dk\/wordpress\/produkt-kategori\/laderegulator-12v-24v-48v\/mppt-laderegulator\/\">ladestyring<\/a>.<\/p>\n<p>Aluminiumsramme og 4 meter kabel med batteriklemmer og krokodille n\u00e6b. Batteri ikke inkluderet. <a href=\"https:\/\/kerychip.dk\/Datablad\/310379_DB_DE_EN.pdf\">Download datablad<\/a>.<\/p>\n<p>Tekniske data :<br \/>\n&#8211; Laderegulator : ECO-N 10-T<br \/>\n&#8211; Effekt: (2 x 50 w) 100 watt<br \/>\n&#8211; Type: polykrystallinske<br \/>\n&#8211; Tolerance: 0 &#8211; 3 %<br \/>\n&#8211; Tomgangs sp\u00e6nding: 21,6 V<br \/>\n&#8211; Sp\u00e6nding: 17,6 V<br \/>\n&#8211; Kortslutnings str\u00f8m: 5,99 A<br \/>\n&#8211; Str\u00f8m: 5,66 A<br \/>\n&#8211; M\u00e5l: 615 mm x 515 mm x 50 mm udfoldet \/\u00a06 kg<\/p>\n<p><img loading=\"lazy\" decoding=\"async\" class=\" wp-image-45101\" src=\"https:\/\/solcelle.dk\/wordpress\/wp-content\/uploads\/2019\/08\/Solar-kuffert-Phaesun-Fold-Up100-100Watt-plug-and-play.jpg\" alt=\"Solar kuffert Phaesun Fold Up100, 100Watt, plug and play\" width=\"393\" height=\"393\" srcset=\"https:\/\/solcelle.dk\/wordpress\/wp-content\/uploads\/2019\/08\/Solar-kuffert-Phaesun-Fold-Up100-100Watt-plug-and-play.jpg 500w, https:\/\/solcelle.dk\/wordpress\/wp-content\/uploads\/2019\/08\/Solar-kuffert-Phaesun-Fold-Up100-100Watt-plug-and-play-200x200.jpg 200w, https:\/\/solcelle.dk\/wordpress\/wp-content\/uploads\/2019\/08\/Solar-kuffert-Phaesun-Fold-Up100-100Watt-plug-and-play-100x100.jpg 100w\" sizes=\"auto, (max-width: 393px) 100vw, 393px\" \/><\/p>\n","protected":false},"excerpt":{"rendered":"<p>Laderegulator : ECO-N 20-T<br \/>\nEffekt: 100 watt (2 x 50Wp)<br \/>\nStr\u00f8m: 5,66 A<br \/>\nM\u00e5l: 615 x 515 x 50 mm udfoldet;<\/p>\n<p>Levering: 3-4 dage<\/p>\n","protected":false},"featured_media":43433,"template":"","meta":{"_predictive_search_focuskw":"","_ps_exclude_item":""},"product_brand":[],"product_cat":[992,100,835],"product_tag":[490,145,244,577,1702],"class_list":{"0":"post-8308","1":"product","2":"type-product","3":"status-publish","4":"has-post-thumbnail","6":"product_cat-baerbar-sammenfoldelig-solpanel-kit-12v","7":"product_cat-solcelleanlaeg-60-300w","8":"product_cat-solcelleanlaeg-til-autocamper-campingvogn","9":"product_tag-100watt","10":"product_tag-baad","11":"product_tag-campingvogn","12":"product_tag-solceller-til-kolonihavehus","13":"product_tag-solpanel-til-noedberedskab","14":"product_shipping_class-forsendelse","15":"pa_producent-phaesun-gmbh","16":"post","17":"post-with-thumbnail","18":"post-with-thumbnail-large","20":"first","21":"instock","22":"taxable","23":"shipping-taxable","24":"purchasable","25":"product-type-simple"},"aioseo_notices":[],"_links":{"self":[{"href":"https:\/\/solcelle.dk\/wordpress\/wp-json\/wp\/v2\/product\/8308","targetHints":{"allow":["GET"]}}],"collection":[{"href":"https:\/\/solcelle.dk\/wordpress\/wp-json\/wp\/v2\/product"}],"about":[{"href":"https:\/\/solcelle.dk\/wordpress\/wp-json\/wp\/v2\/types\/product"}],"wp:featuredmedia":[{"embeddable":true,"href":"https:\/\/solcelle.dk\/wordpress\/wp-json\/wp\/v2\/media\/43433"}],"wp:attachment":[{"href":"https:\/\/solcelle.dk\/wordpress\/wp-json\/wp\/v2\/media?parent=8308"}],"wp:term":[{"taxonomy":"product_brand","embeddable":true,"href":"https:\/\/solcelle.dk\/wordpress\/wp-json\/wp\/v2\/product_brand?post=8308"},{"taxonomy":"product_cat","embeddable":true,"href":"https:\/\/solcelle.dk\/wordpress\/wp-json\/wp\/v2\/product_cat?post=8308"},{"taxonomy":"product_tag","embeddable":true,"href":"https:\/\/solcelle.dk\/wordpress\/wp-json\/wp\/v2\/product_tag?post=8308"}],"curies":[{"name":"wp","href":"https:\/\/api.w.org\/{rel}","templated":true}]}}