{"id":9201,"date":"2018-04-26T12:24:27","date_gmt":"2018-04-26T11:24:27","guid":{"rendered":"https:\/\/solcelle.dk\/wordpress\/?post_type=product&#038;p=9201"},"modified":"2024-03-15T10:51:42","modified_gmt":"2024-03-15T09:51:42","slug":"marine-solceller-25wp-12v-sunware-40145","status":"publish","type":"product","link":"https:\/\/solcelle.dk\/wordpress\/produkt\/marine-solceller-25wp-12v-sunware-40145\/","title":{"rendered":"Marine fleksibel solcelle 25Wp\/12V  Sunware 40145"},"content":{"rendered":"<p>Marine <a href=\"https:\/\/solcelle.dk\/wordpress\/produkt-kategori\/solcellermoduler\/sunware-marine-solceller\/\">fleksibel<\/a> solcelle 25 Wp\/12 V Sunware 40145 er moduler med en ramme af h\u00f8j kvalitet stof. Indpakket i tekstil stof med Tenax knapper. Pakken indeholder ogs\u00e5 en vandt\u00e6t stik (han \/ hun), Tenax knapper for stoffer og en 3 m lang kabel til en meget enkel og hurtig installation.<\/p>\n<p>Kabeludtag: Stikd\u00e5se t\u00e6tnet til havvand og skruet til monteringsplade, serienummer med 6 cifre, monteringsstrop og tekstil ramme.<br \/>\n<a href=\"https:\/\/kerychip.com\/Diagram\/DB_Module_20_2017.pdf\">Download Datablad<\/a><\/p>\n<p>Tekniske data:<br \/>\n\u2013 P. maks.: 25,0 Wp<br \/>\n\u2013 I. maks.: 1,20 A<br \/>\n\u2013 Sp\u00e6nding: 20,83 V<br \/>\n\u2013 U. oc: 25,4 V<br \/>\n\u2013 I. sc: 1,37 A<br \/>\n\u2013 Antal celler 39 stk.<br \/>\n\u2013 M\u00e5l: 807,0 x 273,0 x 6 mm \/ 1,6 kg<br \/>\n\u2013 laminat ETFE \/ EVA \/ ETFE<br \/>\n\u2013 Garanti: 5 \u00e5r<\/p>\n","protected":false},"excerpt":{"rendered":"<p>Dimensioner:807 x 273 x 6 mm<br \/>\nModuler med ramme af h\u00f8j kvalitet stof. Indpakket i tekstil stof med Tenax knapper.<\/p>\n<p>Levering: 10-15 dage<\/p>\n","protected":false},"featured_media":9202,"template":"","meta":{"_predictive_search_focuskw":"","_ps_exclude_item":""},"product_brand":[],"product_cat":[1555],"product_tag":[152,954,145,467,468,147,146],"class_list":{"0":"post-9201","1":"product","2":"type-product","3":"status-publish","4":"has-post-thumbnail","6":"product_cat-sunware-marine-solceller","7":"product_tag-12v","8":"product_tag-25w","9":"product_tag-baad","10":"product_tag-fleksibel-solcelle","11":"product_tag-marine","12":"product_tag-sejlbaad","13":"product_tag-yacht","14":"product_shipping_class-forsendelse","15":"pa_condition-new","16":"pa_producent-sunware-solar-gmbh","17":"post","18":"post-with-thumbnail","19":"post-with-thumbnail-large","21":"first","22":"instock","23":"taxable","24":"shipping-taxable","25":"purchasable","26":"product-type-simple"},"aioseo_notices":[],"_links":{"self":[{"href":"https:\/\/solcelle.dk\/wordpress\/wp-json\/wp\/v2\/product\/9201","targetHints":{"allow":["GET"]}}],"collection":[{"href":"https:\/\/solcelle.dk\/wordpress\/wp-json\/wp\/v2\/product"}],"about":[{"href":"https:\/\/solcelle.dk\/wordpress\/wp-json\/wp\/v2\/types\/product"}],"wp:featuredmedia":[{"embeddable":true,"href":"https:\/\/solcelle.dk\/wordpress\/wp-json\/wp\/v2\/media\/9202"}],"wp:attachment":[{"href":"https:\/\/solcelle.dk\/wordpress\/wp-json\/wp\/v2\/media?parent=9201"}],"wp:term":[{"taxonomy":"product_brand","embeddable":true,"href":"https:\/\/solcelle.dk\/wordpress\/wp-json\/wp\/v2\/product_brand?post=9201"},{"taxonomy":"product_cat","embeddable":true,"href":"https:\/\/solcelle.dk\/wordpress\/wp-json\/wp\/v2\/product_cat?post=9201"},{"taxonomy":"product_tag","embeddable":true,"href":"https:\/\/solcelle.dk\/wordpress\/wp-json\/wp\/v2\/product_tag?post=9201"}],"curies":[{"name":"wp","href":"https:\/\/api.w.org\/{rel}","templated":true}]}}